{"id":653,"date":"2021-04-21T09:46:36","date_gmt":"2021-04-21T07:46:36","guid":{"rendered":"http:\/\/huguesjacobelli.fr\/?page_id=653"},"modified":"2021-09-09T21:15:15","modified_gmt":"2021-09-09T19:15:15","slug":"mes-selections","status":"publish","type":"page","link":"https:\/\/huguesjacobelli.fr\/","title":{"rendered":"Accueil"},"content":{"rendered":"\n<div class=\"wp-block-columns intro-accueil\" id=\"home-page-intro\">\n<div class=\"wp-block-column\">\n<p>&nbsp;&nbsp;&nbsp;<\/p>\n\n\n\n<p class=\"has-text-align-left\">Dix ans d\u2019\u00e9criture, le temps passe, je ne veux plus attendre son bon vouloir pour partager mes \u00e9crits&nbsp;avec ceux et celles qui les appr\u00e9cient\u2026<\/p>\n\n\n\n<p class=\"has-text-align-left\">Je vous les propose, contre un mot ou un sourire, sous forme d\u2019un site r\u00e9unissant de la po\u00e9sie et de la prose, des contes, des nouvelles, et quelques divagations en Absurdie, pays proche de nous et de notre soci\u00e9t\u00e9.<\/p>\n\n\n\n<p class=\"has-text-align-left\">Plus d\u2019une centaine de titres pour r\u00eaver, pour savourer le temps qui passe et pour aimer la vie et ceux qui nous pr\u00eatent leur main\u2026<\/p>\n\n\n\n<p class=\"has-text-align-left\">N\u2019h\u00e9sitez pas \u00e0 vous inscrire pour recevoir les newsletters et les in\u00e9dits, sans engagement, ni publicit\u00e9, et la facult\u00e9 de vous d\u00e9sinscrire quand vous voulez\u2026<\/p>\n\n\n\n<p class=\"has-text-align-left\">C\u2019est offert de bon c\u0153ur, avec l\u2019espoir de ne pas vous d\u00e9cevoir    <\/p>\n\n\n\n<p><\/p>\n\n\n\n<p>                                           <\/p>\n\n\n\n<p>                                                                                                             <\/p>\n\n\n\n<p>                                                                                                                                    <\/p>\n\n\n\n<p class=\"has-text-align-left\"><em>Tous les pastels pr\u00e9sents sur le site, principalement sur les textes Pour les petits, sont de Maurice Magnan.<br>Les photographies illustrant les autres textes sont soit personnelles, soit appartenant au domaine publiqu<\/em>e. <\/p>\n\n\n\n<hr class=\"wp-block-separator intro-separator\"\/>\n\n\n<ul class=\"wp-block-latest-posts__list has-dates alignleft wp-block-latest-posts\"><li><div class=\"wp-block-latest-posts__featured-image aligncenter\"><a href=\"https:\/\/huguesjacobelli.fr\/index.php\/2021\/08\/30\/pense-a-loffrir\/\"><img width=\"730\" height=\"294\" src=\"https:\/\/huguesjacobelli.fr\/wp-content\/uploads\/2021\/05\/hand-4661763_1920-e1621600627772-1024x412.jpg\" class=\"attachment-large size-large wp-post-image\" alt=\"\" loading=\"lazy\" style=\"max-width:1024px;max-height:1024px;\" srcset=\"https:\/\/huguesjacobelli.fr\/wp-content\/uploads\/2021\/05\/hand-4661763_1920-e1621600627772-1024x412.jpg 1024w, https:\/\/huguesjacobelli.fr\/wp-content\/uploads\/2021\/05\/hand-4661763_1920-e1621600627772-300x121.jpg 300w, https:\/\/huguesjacobelli.fr\/wp-content\/uploads\/2021\/05\/hand-4661763_1920-e1621600627772-768x309.jpg 768w, https:\/\/huguesjacobelli.fr\/wp-content\/uploads\/2021\/05\/hand-4661763_1920-e1621600627772-1536x618.jpg 1536w, https:\/\/huguesjacobelli.fr\/wp-content\/uploads\/2021\/05\/hand-4661763_1920-e1621600627772-1200x483.jpg 1200w, https:\/\/huguesjacobelli.fr\/wp-content\/uploads\/2021\/05\/hand-4661763_1920-e1621600627772-1320x531.jpg 1320w, https:\/\/huguesjacobelli.fr\/wp-content\/uploads\/2021\/05\/hand-4661763_1920-e1621600627772.jpg 1920w\" sizes=\"(max-width: 730px) 100vw, 730px\" \/><\/a><\/div><a href=\"https:\/\/huguesjacobelli.fr\/index.php\/2021\/08\/30\/pense-a-loffrir\/\">Pense \u00e0 l&#8217;offrir<\/a><time datetime=\"2021-08-30T11:00:00+02:00\" class=\"wp-block-latest-posts__post-date\">30 ao\u00fbt 2021<\/time><div class=\"wp-block-latest-posts__post-excerpt\">Toi qui n\u2019es pas de ces manants,Errant, mendiant, souffrant, migrant,Si tu n\u2019 fais rien de ton bonheur,Pense \u00e0 l\u2019offrir \u00e0 d\u2019autres c\u0153urs. Toi si tu peux, boursicotant,Dormir en paix, en engrangeant,Si tu n\u2019 fais rien de ton argent,Pense \u00e0 l\u2019offrir \u00e0 d\u2019autres gens. Toi qui toujours, claquemur\u00e9,Entre tes murs, propri\u00e9t\u00e9,Si tu n\u2019 [&hellip;]<\/div><\/li>\n<li><div class=\"wp-block-latest-posts__featured-image aligncenter\"><a href=\"https:\/\/huguesjacobelli.fr\/index.php\/2020\/04\/01\/jai-un-jour-pose-mon-sac\/\"><img width=\"730\" height=\"202\" src=\"https:\/\/huguesjacobelli.fr\/wp-content\/uploads\/2021\/05\/WP_000095-e1621864305831-1024x284.jpg\" class=\"attachment-large size-large wp-post-image\" alt=\"\" loading=\"lazy\" style=\"max-width:1024px;max-height:1024px;\" srcset=\"https:\/\/huguesjacobelli.fr\/wp-content\/uploads\/2021\/05\/WP_000095-e1621864305831-1024x284.jpg 1024w, https:\/\/huguesjacobelli.fr\/wp-content\/uploads\/2021\/05\/WP_000095-e1621864305831-300x83.jpg 300w, https:\/\/huguesjacobelli.fr\/wp-content\/uploads\/2021\/05\/WP_000095-e1621864305831-768x213.jpg 768w, https:\/\/huguesjacobelli.fr\/wp-content\/uploads\/2021\/05\/WP_000095-e1621864305831-1200x332.jpg 1200w, https:\/\/huguesjacobelli.fr\/wp-content\/uploads\/2021\/05\/WP_000095-e1621864305831.jpg 1224w\" sizes=\"(max-width: 730px) 100vw, 730px\" \/><\/a><\/div><a href=\"https:\/\/huguesjacobelli.fr\/index.php\/2020\/04\/01\/jai-un-jour-pose-mon-sac\/\">J&#8217;ai un jour pos\u00e9 mon sac<\/a><time datetime=\"2020-04-01T10:55:00+02:00\" class=\"wp-block-latest-posts__post-date\">1 avril 2020<\/time><div class=\"wp-block-latest-posts__post-excerpt\">J\u2019ai un jour pos\u00e9 mon sac, pr\u00e8s de toi ma brune,Et ne l\u2019ai jamais repris, m\u00eame les nuits de pleine lune.J\u2019ai vu pousser mes racines, profond\u00e9ment ancr\u00e9es,Les typhons de la vie, leurs vents s\u2019y sont cass\u00e9s. J\u2019ai fais mille fois le tour du bout de tout, Suis pass\u00e9 aux mille coins de [&hellip;]<\/div><\/li>\n<li><div class=\"wp-block-latest-posts__featured-image aligncenter\"><a href=\"https:\/\/huguesjacobelli.fr\/index.php\/2018\/06\/02\/un-dimanche-a-la-campagne\/\"><img width=\"730\" height=\"252\" src=\"https:\/\/huguesjacobelli.fr\/wp-content\/uploads\/2021\/05\/wheelbarrow-1232408_1920-e1621582808534-1024x353.jpg\" class=\"attachment-large size-large wp-post-image\" alt=\"\" loading=\"lazy\" style=\"max-width:1024px;max-height:1024px;\" srcset=\"https:\/\/huguesjacobelli.fr\/wp-content\/uploads\/2021\/05\/wheelbarrow-1232408_1920-e1621582808534-1024x353.jpg 1024w, https:\/\/huguesjacobelli.fr\/wp-content\/uploads\/2021\/05\/wheelbarrow-1232408_1920-e1621582808534-300x103.jpg 300w, https:\/\/huguesjacobelli.fr\/wp-content\/uploads\/2021\/05\/wheelbarrow-1232408_1920-e1621582808534-768x265.jpg 768w, https:\/\/huguesjacobelli.fr\/wp-content\/uploads\/2021\/05\/wheelbarrow-1232408_1920-e1621582808534-1536x530.jpg 1536w, https:\/\/huguesjacobelli.fr\/wp-content\/uploads\/2021\/05\/wheelbarrow-1232408_1920-e1621582808534-1200x414.jpg 1200w, https:\/\/huguesjacobelli.fr\/wp-content\/uploads\/2021\/05\/wheelbarrow-1232408_1920-e1621582808534-1320x455.jpg 1320w, https:\/\/huguesjacobelli.fr\/wp-content\/uploads\/2021\/05\/wheelbarrow-1232408_1920-e1621582808534.jpg 1920w\" sizes=\"(max-width: 730px) 100vw, 730px\" \/><\/a><\/div><a href=\"https:\/\/huguesjacobelli.fr\/index.php\/2018\/06\/02\/un-dimanche-a-la-campagne\/\">Un dimanche \u00e0 la campagne<\/a><time datetime=\"2018-06-02T12:06:00+02:00\" class=\"wp-block-latest-posts__post-date\">2 juin 2018<\/time><div class=\"wp-block-latest-posts__post-excerpt\">\u00a0 L\u2019h\u00f4te de ces lieux est d\u00e9j\u00e0 au bout de son r\u00e2teau,L\u2019herbe devant son grand \u00e2ge, se laisse faire, roul\u00e9e dans un sens, palp\u00e9e dans l\u2019autre, mass\u00e9e et ramass\u00e9e, fourch\u00e9e en bottes, \u00e0 coup de fourches, \u00e0 coup de bottes.Le bruit saccad\u00e9 d\u2019un s\u00e9cateur m\u00e9tronome taille la futaie, rabat les \u00e9bats du [&hellip;]<\/div><\/li>\n<li><div class=\"wp-block-latest-posts__featured-image aligncenter\"><a href=\"https:\/\/huguesjacobelli.fr\/index.php\/2012\/05\/01\/mon-frere\/\"><img width=\"730\" height=\"254\" src=\"https:\/\/huguesjacobelli.fr\/wp-content\/uploads\/2021\/05\/plane-513641_1920-e1621863495469-1024x356.jpg\" class=\"attachment-large size-large wp-post-image\" alt=\"\" loading=\"lazy\" style=\"max-width:1024px;max-height:1024px;\" srcset=\"https:\/\/huguesjacobelli.fr\/wp-content\/uploads\/2021\/05\/plane-513641_1920-e1621863495469-1024x356.jpg 1024w, https:\/\/huguesjacobelli.fr\/wp-content\/uploads\/2021\/05\/plane-513641_1920-e1621863495469-300x104.jpg 300w, https:\/\/huguesjacobelli.fr\/wp-content\/uploads\/2021\/05\/plane-513641_1920-e1621863495469-768x267.jpg 768w, https:\/\/huguesjacobelli.fr\/wp-content\/uploads\/2021\/05\/plane-513641_1920-e1621863495469-1536x534.jpg 1536w, https:\/\/huguesjacobelli.fr\/wp-content\/uploads\/2021\/05\/plane-513641_1920-e1621863495469-1200x417.jpg 1200w, https:\/\/huguesjacobelli.fr\/wp-content\/uploads\/2021\/05\/plane-513641_1920-e1621863495469-1320x459.jpg 1320w, https:\/\/huguesjacobelli.fr\/wp-content\/uploads\/2021\/05\/plane-513641_1920-e1621863495469.jpg 1920w\" sizes=\"(max-width: 730px) 100vw, 730px\" \/><\/a><\/div><a href=\"https:\/\/huguesjacobelli.fr\/index.php\/2012\/05\/01\/mon-frere\/\">Mon fr\u00e8re<\/a><time datetime=\"2012-05-01T08:21:01+02:00\" class=\"wp-block-latest-posts__post-date\">1 mai 2012<\/time><div class=\"wp-block-latest-posts__post-excerpt\">Dix ans d\u2019\u00e9cart que jamais rien ne combla,Toi, petit dernier, m\u00eame pas g\u00e2t\u00e9,Adolescent, face \u00e0 l\u2019inaccessible. \u00a0 \u00a0 \u00a0 Toi, qui pour partir, m\u2019as attendu.Sit\u00f4t mari\u00e9, au bras d\u2019elle et elle \u00e0 ton bras,Cet oc\u00e9an entre nous, irr\u00e9pressible,Tel le rhum banane de l\u00e0-bas.\u00a0 \u00a0 \u00a0 Toi, qui pour partir, m\u2019as attendu. Pour [&hellip;]<\/div><\/li>\n<li><div class=\"wp-block-latest-posts__featured-image aligncenter\"><a href=\"https:\/\/huguesjacobelli.fr\/index.php\/2011\/04\/30\/766\/\"><img width=\"730\" height=\"267\" src=\"https:\/\/huguesjacobelli.fr\/wp-content\/uploads\/2021\/04\/WhatsApp-Image-2021-05-24-at-16.00.18-e1621864872332-1024x374.jpeg\" class=\"attachment-large size-large wp-post-image\" alt=\"\" loading=\"lazy\" style=\"max-width:1024px;max-height:1024px;\" srcset=\"https:\/\/huguesjacobelli.fr\/wp-content\/uploads\/2021\/04\/WhatsApp-Image-2021-05-24-at-16.00.18-e1621864872332-1024x374.jpeg 1024w, https:\/\/huguesjacobelli.fr\/wp-content\/uploads\/2021\/04\/WhatsApp-Image-2021-05-24-at-16.00.18-e1621864872332-300x110.jpeg 300w, https:\/\/huguesjacobelli.fr\/wp-content\/uploads\/2021\/04\/WhatsApp-Image-2021-05-24-at-16.00.18-e1621864872332-768x280.jpeg 768w, https:\/\/huguesjacobelli.fr\/wp-content\/uploads\/2021\/04\/WhatsApp-Image-2021-05-24-at-16.00.18-e1621864872332-1536x561.jpeg 1536w, https:\/\/huguesjacobelli.fr\/wp-content\/uploads\/2021\/04\/WhatsApp-Image-2021-05-24-at-16.00.18-e1621864872332-1200x438.jpeg 1200w, https:\/\/huguesjacobelli.fr\/wp-content\/uploads\/2021\/04\/WhatsApp-Image-2021-05-24-at-16.00.18-e1621864872332-1320x482.jpeg 1320w, https:\/\/huguesjacobelli.fr\/wp-content\/uploads\/2021\/04\/WhatsApp-Image-2021-05-24-at-16.00.18-e1621864872332.jpeg 1600w\" sizes=\"(max-width: 730px) 100vw, 730px\" \/><\/a><\/div><a href=\"https:\/\/huguesjacobelli.fr\/index.php\/2011\/04\/30\/766\/\">A Nathan, Arno, Romane, Lucie, No\u00e9, Sacha et les autres\u2026<\/a><time datetime=\"2011-04-30T19:13:16+02:00\" class=\"wp-block-latest-posts__post-date\">30 avril 2011<\/time><div class=\"wp-block-latest-posts__post-excerpt\">Il y a des mots doux, Il y a des mots durs.Ceux qu\u2019on murmure dans le cou,Ceux qu\u2019on re\u00e7oit en pleine figure.La vie, comme l\u2019amour, peut \u00eatre cool,Mais rien jamais n\u2019est vraiment s\u00fbr.Tout d\u00e9pend de toi et tu d\u00e9pends des autres.Seule ta volont\u00e9 peut influer le cours des choses.Ne te laisse jamais [&hellip;]<\/div><\/li>\n<li><div class=\"wp-block-latest-posts__featured-image aligncenter\"><a href=\"https:\/\/huguesjacobelli.fr\/index.php\/2004\/05\/23\/evocation\/\"><img width=\"730\" height=\"307\" src=\"https:\/\/huguesjacobelli.fr\/wp-content\/uploads\/2021\/05\/Sans-titre-107-scaled-e1621782280133-1024x430.jpg\" class=\"attachment-large size-large wp-post-image\" alt=\"\" loading=\"lazy\" style=\"max-width:1024px;max-height:1024px;\" srcset=\"https:\/\/huguesjacobelli.fr\/wp-content\/uploads\/2021\/05\/Sans-titre-107-scaled-e1621782280133-1024x430.jpg 1024w, https:\/\/huguesjacobelli.fr\/wp-content\/uploads\/2021\/05\/Sans-titre-107-scaled-e1621782280133-300x126.jpg 300w, https:\/\/huguesjacobelli.fr\/wp-content\/uploads\/2021\/05\/Sans-titre-107-scaled-e1621782280133-768x323.jpg 768w, https:\/\/huguesjacobelli.fr\/wp-content\/uploads\/2021\/05\/Sans-titre-107-scaled-e1621782280133-1536x645.jpg 1536w, https:\/\/huguesjacobelli.fr\/wp-content\/uploads\/2021\/05\/Sans-titre-107-scaled-e1621782280133-2048x860.jpg 2048w, https:\/\/huguesjacobelli.fr\/wp-content\/uploads\/2021\/05\/Sans-titre-107-scaled-e1621782280133-1200x504.jpg 1200w, https:\/\/huguesjacobelli.fr\/wp-content\/uploads\/2021\/05\/Sans-titre-107-scaled-e1621782280133-1320x554.jpg 1320w\" sizes=\"(max-width: 730px) 100vw, 730px\" \/><\/a><\/div><a href=\"https:\/\/huguesjacobelli.fr\/index.php\/2004\/05\/23\/evocation\/\">\u00c9vocation<\/a><time datetime=\"2004-05-23T17:05:00+02:00\" class=\"wp-block-latest-posts__post-date\">23 mai 2004<\/time><div class=\"wp-block-latest-posts__post-excerpt\">La nuit, bleut\u00e9e, d\u00e9roule ses kilom\u00e8tres,La route, dompt\u00e9e, a reconnu son ma\u00eetre.Le dos, coll\u00e9, au si\u00e8ge conducteur,Les mains, doigt\u00e9es, jouent du ralentisseur,Les yeux, riv\u00e9s, sur la prochaine fronti\u00e8re,La clope, viss\u00e9e, \u00e0 la commissure des l\u00e8vres. Et nous, berc\u00e9s, par le roulis roulaA peine lass\u00e9s, par ton pr\u00eachi pr\u00eacha,Pouvant r\u00eaver\u2026 chacun \u00e0 sa [&hellip;]<\/div><\/li>\n<\/ul>\n\n<\/div>\n<\/div>\n\n\n\n<p><\/p>\n\n\n\n<p><strong>Po\u00e8mes et r\u00eaveries<\/strong><\/p>\n\n\n","protected":false},"excerpt":{"rendered":"<p>&nbsp;&nbsp;&nbsp; Dix ans d\u2019\u00e9criture, le temps passe, je ne veux plus attendre son bon vouloir pour partager mes \u00e9crits&nbsp;avec ceux et celles qui les appr\u00e9cient\u2026 Je vous les propose, contre un mot ou un sourire, sous forme d\u2019un site r\u00e9unissant de la po\u00e9sie et de la prose, des contes, des nouvelles, et quelques divagations en [&hellip;]<\/p>\n","protected":false},"author":1,"featured_media":0,"parent":0,"menu_order":0,"comment_status":"closed","ping_status":"closed","template":"","meta":[],"_links":{"self":[{"href":"https:\/\/huguesjacobelli.fr\/index.php\/wp-json\/wp\/v2\/pages\/653"}],"collection":[{"href":"https:\/\/huguesjacobelli.fr\/index.php\/wp-json\/wp\/v2\/pages"}],"about":[{"href":"https:\/\/huguesjacobelli.fr\/index.php\/wp-json\/wp\/v2\/types\/page"}],"author":[{"embeddable":true,"href":"https:\/\/huguesjacobelli.fr\/index.php\/wp-json\/wp\/v2\/users\/1"}],"replies":[{"embeddable":true,"href":"https:\/\/huguesjacobelli.fr\/index.php\/wp-json\/wp\/v2\/comments?post=653"}],"version-history":[{"count":74,"href":"https:\/\/huguesjacobelli.fr\/index.php\/wp-json\/wp\/v2\/pages\/653\/revisions"}],"predecessor-version":[{"id":1645,"href":"https:\/\/huguesjacobelli.fr\/index.php\/wp-json\/wp\/v2\/pages\/653\/revisions\/1645"}],"wp:attachment":[{"href":"https:\/\/huguesjacobelli.fr\/index.php\/wp-json\/wp\/v2\/media?parent=653"}],"curies":[{"name":"wp","href":"https:\/\/api.w.org\/{rel}","templated":true}]}}